{"id":1605,"date":"2018-11-21T09:06:25","date_gmt":"2018-11-21T09:06:25","guid":{"rendered":"http:\/\/lasierrecilla.com\/camping\/des-conditions-de-reservation\/"},"modified":"2018-11-21T09:06:52","modified_gmt":"2018-11-21T09:06:52","slug":"des-conditions-de-reservation","status":"publish","type":"page","link":"https:\/\/lasierrecilla.com\/fr\/camping\/des-conditions-de-reservation\/","title":{"rendered":"Des conditions de reservation"},"content":{"rendered":"<h2>Des conditions de Reservation<\/h2>\n<h3>Des conditions de paiement<\/h3>\n<p style=\"font-weight: 400;\">La direction du camping a le droit de n\u00b4assurer pas la distribution du bungalow, seulement le nombre des personnes.<\/p>\n<p style=\"font-weight: 400;\">Les bungalows ne seront pas lou\u00e9s pour les mineurs de 23 ans. Sauf, pour des familles.<\/p>\n<p style=\"font-weight: 400;\">Bungalows:De m\u00eame on livrera en vue pour METTRE EN D\u00c9P\u00d4T\u00a0 100 euros dans l&#8217;argent comptant qui sera rendu le jour de la sortie apr\u00e8s la v\u00e9rification du bungalow. De m\u00eame ce sera la garantie possible le bungalow au moyen de la num\u00e9ration d&#8217;une carte bleu.<\/p>\n<p style=\"font-weight: 400;\">Vous devrez payer la totalit\u00e9 du s\u00e9jour pr\u00e9vu.\u00a0Dans aucun moment se d\u00e9conteront les jours de non occupation du bungalow.<\/p>\n<ul>\n<li >\n\t\t\t\t\t\t\t\t\t\tL\u00b4occupation des bungalows ne pourra pas d\u00e9passer le temps de s\u00e9jour indiqu\u00e9 lors de la r\u00e9servation. Le s\u00e9jour minimum, en haute saison, sera de 7 nuits.\n\t\t\t\t\t\t\t\t\t<\/li>\n<li >\n\t\t\t\t\t\t\t\t\t\tVous devrez payer la totalit\u00e9 du s\u00e9jour pr\u00e9vu. Dans aucun moment se d\u00e9conteront les jours de non occupation du bungalow.\n\t\t\t\t\t\t\t\t\t<\/li>\n<li >\n\t\t\t\t\t\t\t\t\t\tLa direction du camping se r\u00e9serve le droit de ne pas assurer la distribution du bungalow, mais uniquement le nombre de places.\n\t\t\t\t\t\t\t\t\t<\/li>\n<li >\n\t\t\t\t\t\t\t\t\t\t*Les logements seront disponibles \u00e1 partir de 16h00 du jour d\u00b4arriv\u00e9e \u00e1 12h du jour de la fin du s\u00e9jour. Si l\u00b4heure du partir est  surpas\u00e9e il se chargera une nuit en plus.\n\t\t\t\t\t\t\t\t\t<\/li>\n<li >\n\t\t\t\t\t\t\t\t\t\t*Le prix comprend une voiture ou une moto par logement.\n\t\t\t\t\t\t\t\t\t<\/li>\n<li >\n\t\t\t\t\t\t\t\t\t\tEn aucun cas, les animaux de compagnie ne sont admis dans les bungalows.\n\t\t\t\t\t\t\t\t\t<\/li>\n<li >\n\t\t\t\t\t\t\t\t\t\tTous les bungalows disposent de t\u00e9l\u00e9vision, air am\u00e9nag\u00e9, micro-ondes et d\u00b4une cuisine \u00e9quip\u00e9e.\n\t\t\t\t\t\t\t\t\t<\/li>\n<li >\n\t\t\t\t\t\t\t\t\t\tLes serviettes de toilette ne sont pas fournis mais les draps et les couvertures sont incluses.\n\t\t\t\t\t\t\t\t\t<\/li>\n<\/ul>\n<h3>Cancelation de la reservation<\/h3>\n<p style=\"font-weight: 400;\">L\u00b4annulation d\u00b4une r\u00e9servation, une fois celle-ci confirm\u00e9e, subira les p\u00e9nalit\u00e9s suivantes :<\/p>\n<ul>\n<li >\n\t\t\t\t\t\t\t\t\t\t4 semaines avant la date d\u00b4arriv\u00e9e : 30% du d\u00e9pot de r\u00e9servation.\n\t\t\t\t\t\t\t\t\t<\/li>\n<li >\n\t\t\t\t\t\t\t\t\t\t2 semaines avant la date d\u00b4arriv\u00e9e : 50% du d\u00e9pot de r\u00e9servation.\n\t\t\t\t\t\t\t\t\t<\/li>\n<li >\n\t\t\t\t\t\t\t\t\t\t1 semaines avant la date d\u00b4arriv\u00e9e : 100% du d\u00e9pot de r\u00e9servation.\n\t\t\t\t\t\t\t\t\t<\/li>\n<\/ul>\n<p style=\"font-weight: 400;\">L\u2019 anulation de la reservation devrai \u00eatre communiquE par ecrit \u00e0 la reception (mail a\u00a0<a href=\"mailto:info@lasierrecilla.com\">info@lasierrecilla.com<\/a>).<\/p>\n<p style=\"font-weight: 400;\">Nous sohuaitons que cette reseignements soyez d&#8217;une utilit\u00e9 et nous attendons votre visite.<\/p>\n<p>\t\t\t<a href=\"http:\/\/lasierrecilla.com\/fr\/contact\/\" role=\"button\"><br \/>\n\t\t\t\t\t\tPlus d&#8217;informations<br \/>\n\t\t\t\t\t<\/a><br \/>\n\t\t\t\t\t\t\t\t\t\t<img fetchpriority=\"high\" decoding=\"async\" width=\"1024\" height=\"1024\" src=\"https:\/\/lasierrecilla.com\/wp-content\/uploads\/2018\/06\/Logo_Registro-01-1024x1024.png\" alt=\"\" srcset=\"https:\/\/lasierrecilla.com\/wp-content\/uploads\/2018\/06\/Logo_Registro-01-1024x1024.png 1024w, http:\/\/lasierrecilla.com\/wp-content\/uploads\/2018\/06\/Logo_Registro-01-150x150.png 150w, http:\/\/lasierrecilla.com\/wp-content\/uploads\/2018\/06\/Logo_Registro-01-300x300.png 300w, http:\/\/lasierrecilla.com\/wp-content\/uploads\/2018\/06\/Logo_Registro-01-768x768.png 768w, http:\/\/lasierrecilla.com\/wp-content\/uploads\/2018\/06\/Logo_Registro-01.png 1250w\" sizes=\"(max-width: 1024px) 100vw, 1024px\" \/><br \/>\n\t\t\t<a href=\"#\" role=\"button\"><br \/>\n\t\t\t\t\t<\/a><\/p>\n<p><a href=\"#\">(+34) 951 19 90 90<\/a><\/p>\n<p>\t\t\t<a href=\"#\" role=\"button\"><br \/>\n\t\t\t\t\t<\/a><\/p>\n<p><a href=\"#\">info@lasierrecilla.com<\/a><\/p>\n<p>\t\t\t\t\t\t\t<a href=\"https:\/\/www.facebook.com\/lasierrecilla\" target=\"_blank\"><br \/>\n\t\t\t\t\tFacebook<br \/>\n\t\t\t\t<\/a><br \/>\n\t\t\t\t\t\t\t<a href=\"https:\/\/plus.google.com\/u\/0\/115830273454949758324\" target=\"_blank\"><br \/>\n\t\t\t\t\tGoogle-plus<br \/>\n\t\t\t\t<\/a><\/p>\n","protected":false},"excerpt":{"rendered":"<p>Des conditions de Reservation Des conditions de paiement La direction du camping a le droit de n\u00b4assurer pas la distribution du bungalow, seulement le nombre des personnes. Les bungalows ne seront pas lou\u00e9s pour les mineurs de 23 ans. Sauf, pour des familles. Bungalows:De m\u00eame on livrera en vue pour METTRE EN D\u00c9P\u00d4T\u00a0 100 euros [&hellip;]<\/p>\n","protected":false},"author":1,"featured_media":0,"parent":1227,"menu_order":0,"comment_status":"closed","ping_status":"open","template":"","meta":{"site-sidebar-layout":"default","site-content-layout":"page-builder","ast-site-content-layout":"default","site-content-style":"default","site-sidebar-style":"default","ast-global-header-display":"","ast-banner-title-visibility":"","ast-main-header-display":"","ast-hfb-above-header-display":"","ast-hfb-below-header-display":"","ast-hfb-mobile-header-display":"","site-post-title":"disabled","ast-breadcrumbs-content":"","ast-featured-img":"","footer-sml-layout":"","ast-disable-related-posts":"","theme-transparent-header-meta":"default","adv-header-id-meta":"","stick-header-meta":"","header-above-stick-meta":"","header-main-stick-meta":"","header-below-stick-meta":"","astra-migrate-meta-layouts":"default","ast-page-background-enabled":"default","ast-page-background-meta":{"desktop":{"background-color":"","background-image":"","background-repeat":"repeat","background-position":"center center","background-size":"auto","background-attachment":"scroll","background-type":"","background-media":"","overlay-type":"","overlay-color":"","overlay-opacity":"","overlay-gradient":""},"tablet":{"background-color":"","background-image":"","background-repeat":"repeat","background-position":"center center","background-size":"auto","background-attachment":"scroll","background-type":"","background-media":"","overlay-type":"","overlay-color":"","overlay-opacity":"","overlay-gradient":""},"mobile":{"background-color":"","background-image":"","background-repeat":"repeat","background-position":"center center","background-size":"auto","background-attachment":"scroll","background-type":"","background-media":"","overlay-type":"","overlay-color":"","overlay-opacity":"","overlay-gradient":""}},"ast-content-background-meta":{"desktop":{"background-color":"var(--ast-global-color-5)","background-image":"","background-repeat":"repeat","background-position":"center center","background-size":"auto","background-attachment":"scroll","background-type":"","background-media":"","overlay-type":"","overlay-color":"","overlay-opacity":"","overlay-gradient":""},"tablet":{"background-color":"var(--ast-global-color-5)","background-image":"","background-repeat":"repeat","background-position":"center center","background-size":"auto","background-attachment":"scroll","background-type":"","background-media":"","overlay-type":"","overlay-color":"","overlay-opacity":"","overlay-gradient":""},"mobile":{"background-color":"var(--ast-global-color-5)","background-image":"","background-repeat":"repeat","background-position":"center center","background-size":"auto","background-attachment":"scroll","background-type":"","background-media":"","overlay-type":"","overlay-color":"","overlay-opacity":"","overlay-gradient":""}},"footnotes":""},"class_list":["post-1605","page","type-page","status-publish","hentry"],"yoast_head":"<!-- This site is optimized with the Yoast SEO plugin v27.1.1 - https:\/\/yoast.com\/product\/yoast-seo-wordpress\/ -->\n<title>Des conditions de reservation | Camping La Sierrecilla Bungalow &amp; Mobile Home<\/title>\n<meta name=\"description\" content=\"Como en cualquier sitio, en La Sierrecilla tambi\u00e9n contamos con nuestras normas que todo los usuarios deben seguir, en este caso, las conciones de alquiler.\" \/>\n<meta name=\"robots\" content=\"index, follow, max-snippet:-1, max-image-preview:large, max-video-preview:-1\" \/>\n<link rel=\"canonical\" href=\"https:\/\/lasierrecilla.com\/fr\/camping\/des-conditions-de-reservation\/\" \/>\n<meta property=\"og:locale\" content=\"fr_FR\" \/>\n<meta property=\"og:type\" content=\"article\" \/>\n<meta property=\"og:title\" content=\"Des conditions de reservation | Camping La Sierrecilla Bungalow &amp; Mobile Home\" \/>\n<meta property=\"og:description\" content=\"Como en cualquier sitio, en La Sierrecilla tambi\u00e9n contamos con nuestras normas que todo los usuarios deben seguir, en este caso, las conciones de alquiler.\" \/>\n<meta property=\"og:url\" content=\"https:\/\/lasierrecilla.com\/fr\/camping\/des-conditions-de-reservation\/\" \/>\n<meta property=\"og:site_name\" content=\"La Sierrecilla\" \/>\n<meta property=\"article:publisher\" content=\"https:\/\/www.facebook.com\/lasierrecilla\" \/>\n<meta property=\"article:modified_time\" content=\"2018-11-21T09:06:52+00:00\" \/>\n<meta property=\"og:image\" content=\"http:\/\/lasierrecilla.com\/wp-content\/uploads\/2018\/06\/Logo_Registro-01-1024x1024.png\" \/>\n<meta name=\"twitter:card\" content=\"summary_large_image\" \/>\n<meta name=\"twitter:label1\" content=\"Dur\u00e9e de lecture estim\u00e9e\" \/>\n\t<meta name=\"twitter:data1\" content=\"2 minutes\" \/>\n<script type=\"application\/ld+json\" class=\"yoast-schema-graph\">{\"@context\":\"https:\/\/schema.org\",\"@graph\":[{\"@type\":\"WebPage\",\"@id\":\"https:\/\/lasierrecilla.com\/fr\/camping\/des-conditions-de-reservation\/\",\"url\":\"https:\/\/lasierrecilla.com\/fr\/camping\/des-conditions-de-reservation\/\",\"name\":\"Des conditions de reservation | Camping La Sierrecilla Bungalow & Mobile Home\",\"isPartOf\":{\"@id\":\"https:\/\/lasierrecilla.com\/fr\/#website\"},\"primaryImageOfPage\":{\"@id\":\"https:\/\/lasierrecilla.com\/fr\/camping\/des-conditions-de-reservation\/#primaryimage\"},\"image\":{\"@id\":\"https:\/\/lasierrecilla.com\/fr\/camping\/des-conditions-de-reservation\/#primaryimage\"},\"thumbnailUrl\":\"https:\/\/lasierrecilla.com\/wp-content\/uploads\/2018\/06\/Logo_Registro-01-1024x1024.png\",\"datePublished\":\"2018-11-21T09:06:25+00:00\",\"dateModified\":\"2018-11-21T09:06:52+00:00\",\"description\":\"Como en cualquier sitio, en La Sierrecilla tambi\u00e9n contamos con nuestras normas que todo los usuarios deben seguir, en este caso, las conciones de alquiler.\",\"breadcrumb\":{\"@id\":\"https:\/\/lasierrecilla.com\/fr\/camping\/des-conditions-de-reservation\/#breadcrumb\"},\"inLanguage\":\"fr-FR\",\"potentialAction\":[{\"@type\":\"ReadAction\",\"target\":[\"https:\/\/lasierrecilla.com\/fr\/camping\/des-conditions-de-reservation\/\"]}]},{\"@type\":\"ImageObject\",\"inLanguage\":\"fr-FR\",\"@id\":\"https:\/\/lasierrecilla.com\/fr\/camping\/des-conditions-de-reservation\/#primaryimage\",\"url\":\"https:\/\/lasierrecilla.com\/wp-content\/uploads\/2018\/06\/Logo_Registro-01-1024x1024.png\",\"contentUrl\":\"https:\/\/lasierrecilla.com\/wp-content\/uploads\/2018\/06\/Logo_Registro-01-1024x1024.png\"},{\"@type\":\"BreadcrumbList\",\"@id\":\"https:\/\/lasierrecilla.com\/fr\/camping\/des-conditions-de-reservation\/#breadcrumb\",\"itemListElement\":[{\"@type\":\"ListItem\",\"position\":1,\"name\":\"Portada\",\"item\":\"https:\/\/lasierrecilla.com\/fr\/\"},{\"@type\":\"ListItem\",\"position\":2,\"name\":\"Camping\",\"item\":\"https:\/\/lasierrecilla.com\/fr\/camping\/\"},{\"@type\":\"ListItem\",\"position\":3,\"name\":\"Des conditions de reservation\"}]},{\"@type\":\"WebSite\",\"@id\":\"https:\/\/lasierrecilla.com\/fr\/#website\",\"url\":\"https:\/\/lasierrecilla.com\/fr\/\",\"name\":\"La Sierrecilla\",\"description\":\"Bungalow, Camping &amp; Mobile Home\",\"publisher\":{\"@id\":\"https:\/\/lasierrecilla.com\/fr\/#organization\"},\"potentialAction\":[{\"@type\":\"SearchAction\",\"target\":{\"@type\":\"EntryPoint\",\"urlTemplate\":\"https:\/\/lasierrecilla.com\/fr\/?s={search_term_string}\"},\"query-input\":{\"@type\":\"PropertyValueSpecification\",\"valueRequired\":true,\"valueName\":\"search_term_string\"}}],\"inLanguage\":\"fr-FR\"},{\"@type\":\"Organization\",\"@id\":\"https:\/\/lasierrecilla.com\/fr\/#organization\",\"name\":\"Camping La Sierrecilla\",\"url\":\"https:\/\/lasierrecilla.com\/fr\/\",\"logo\":{\"@type\":\"ImageObject\",\"inLanguage\":\"fr-FR\",\"@id\":\"https:\/\/lasierrecilla.com\/fr\/#\/schema\/logo\/image\/\",\"url\":\"https:\/\/lasierrecilla.com\/wp-content\/uploads\/2018\/06\/Logo_Registro.jpg\",\"contentUrl\":\"https:\/\/lasierrecilla.com\/wp-content\/uploads\/2018\/06\/Logo_Registro.jpg\",\"width\":945,\"height\":681,\"caption\":\"Camping La Sierrecilla\"},\"image\":{\"@id\":\"https:\/\/lasierrecilla.com\/fr\/#\/schema\/logo\/image\/\"},\"sameAs\":[\"https:\/\/www.facebook.com\/lasierrecilla\"]}]}<\/script>\n<!-- \/ Yoast SEO plugin. -->","yoast_head_json":{"title":"Des conditions de reservation | Camping La Sierrecilla Bungalow & Mobile Home","description":"Como en cualquier sitio, en La Sierrecilla tambi\u00e9n contamos con nuestras normas que todo los usuarios deben seguir, en este caso, las conciones de alquiler.","robots":{"index":"index","follow":"follow","max-snippet":"max-snippet:-1","max-image-preview":"max-image-preview:large","max-video-preview":"max-video-preview:-1"},"canonical":"https:\/\/lasierrecilla.com\/fr\/camping\/des-conditions-de-reservation\/","og_locale":"fr_FR","og_type":"article","og_title":"Des conditions de reservation | Camping La Sierrecilla Bungalow & Mobile Home","og_description":"Como en cualquier sitio, en La Sierrecilla tambi\u00e9n contamos con nuestras normas que todo los usuarios deben seguir, en este caso, las conciones de alquiler.","og_url":"https:\/\/lasierrecilla.com\/fr\/camping\/des-conditions-de-reservation\/","og_site_name":"La Sierrecilla","article_publisher":"https:\/\/www.facebook.com\/lasierrecilla","article_modified_time":"2018-11-21T09:06:52+00:00","og_image":[{"url":"http:\/\/lasierrecilla.com\/wp-content\/uploads\/2018\/06\/Logo_Registro-01-1024x1024.png","type":"","width":"","height":""}],"twitter_card":"summary_large_image","twitter_misc":{"Dur\u00e9e de lecture estim\u00e9e":"2 minutes"},"schema":{"@context":"https:\/\/schema.org","@graph":[{"@type":"WebPage","@id":"https:\/\/lasierrecilla.com\/fr\/camping\/des-conditions-de-reservation\/","url":"https:\/\/lasierrecilla.com\/fr\/camping\/des-conditions-de-reservation\/","name":"Des conditions de reservation | Camping La Sierrecilla Bungalow & Mobile Home","isPartOf":{"@id":"https:\/\/lasierrecilla.com\/fr\/#website"},"primaryImageOfPage":{"@id":"https:\/\/lasierrecilla.com\/fr\/camping\/des-conditions-de-reservation\/#primaryimage"},"image":{"@id":"https:\/\/lasierrecilla.com\/fr\/camping\/des-conditions-de-reservation\/#primaryimage"},"thumbnailUrl":"https:\/\/lasierrecilla.com\/wp-content\/uploads\/2018\/06\/Logo_Registro-01-1024x1024.png","datePublished":"2018-11-21T09:06:25+00:00","dateModified":"2018-11-21T09:06:52+00:00","description":"Como en cualquier sitio, en La Sierrecilla tambi\u00e9n contamos con nuestras normas que todo los usuarios deben seguir, en este caso, las conciones de alquiler.","breadcrumb":{"@id":"https:\/\/lasierrecilla.com\/fr\/camping\/des-conditions-de-reservation\/#breadcrumb"},"inLanguage":"fr-FR","potentialAction":[{"@type":"ReadAction","target":["https:\/\/lasierrecilla.com\/fr\/camping\/des-conditions-de-reservation\/"]}]},{"@type":"ImageObject","inLanguage":"fr-FR","@id":"https:\/\/lasierrecilla.com\/fr\/camping\/des-conditions-de-reservation\/#primaryimage","url":"https:\/\/lasierrecilla.com\/wp-content\/uploads\/2018\/06\/Logo_Registro-01-1024x1024.png","contentUrl":"https:\/\/lasierrecilla.com\/wp-content\/uploads\/2018\/06\/Logo_Registro-01-1024x1024.png"},{"@type":"BreadcrumbList","@id":"https:\/\/lasierrecilla.com\/fr\/camping\/des-conditions-de-reservation\/#breadcrumb","itemListElement":[{"@type":"ListItem","position":1,"name":"Portada","item":"https:\/\/lasierrecilla.com\/fr\/"},{"@type":"ListItem","position":2,"name":"Camping","item":"https:\/\/lasierrecilla.com\/fr\/camping\/"},{"@type":"ListItem","position":3,"name":"Des conditions de reservation"}]},{"@type":"WebSite","@id":"https:\/\/lasierrecilla.com\/fr\/#website","url":"https:\/\/lasierrecilla.com\/fr\/","name":"La Sierrecilla","description":"Bungalow, Camping &amp; Mobile Home","publisher":{"@id":"https:\/\/lasierrecilla.com\/fr\/#organization"},"potentialAction":[{"@type":"SearchAction","target":{"@type":"EntryPoint","urlTemplate":"https:\/\/lasierrecilla.com\/fr\/?s={search_term_string}"},"query-input":{"@type":"PropertyValueSpecification","valueRequired":true,"valueName":"search_term_string"}}],"inLanguage":"fr-FR"},{"@type":"Organization","@id":"https:\/\/lasierrecilla.com\/fr\/#organization","name":"Camping La Sierrecilla","url":"https:\/\/lasierrecilla.com\/fr\/","logo":{"@type":"ImageObject","inLanguage":"fr-FR","@id":"https:\/\/lasierrecilla.com\/fr\/#\/schema\/logo\/image\/","url":"https:\/\/lasierrecilla.com\/wp-content\/uploads\/2018\/06\/Logo_Registro.jpg","contentUrl":"https:\/\/lasierrecilla.com\/wp-content\/uploads\/2018\/06\/Logo_Registro.jpg","width":945,"height":681,"caption":"Camping La Sierrecilla"},"image":{"@id":"https:\/\/lasierrecilla.com\/fr\/#\/schema\/logo\/image\/"},"sameAs":["https:\/\/www.facebook.com\/lasierrecilla"]}]}},"_links":{"self":[{"href":"https:\/\/lasierrecilla.com\/fr\/wp-json\/wp\/v2\/pages\/1605","targetHints":{"allow":["GET"]}}],"collection":[{"href":"https:\/\/lasierrecilla.com\/fr\/wp-json\/wp\/v2\/pages"}],"about":[{"href":"https:\/\/lasierrecilla.com\/fr\/wp-json\/wp\/v2\/types\/page"}],"author":[{"embeddable":true,"href":"https:\/\/lasierrecilla.com\/fr\/wp-json\/wp\/v2\/users\/1"}],"replies":[{"embeddable":true,"href":"https:\/\/lasierrecilla.com\/fr\/wp-json\/wp\/v2\/comments?post=1605"}],"version-history":[{"count":0,"href":"https:\/\/lasierrecilla.com\/fr\/wp-json\/wp\/v2\/pages\/1605\/revisions"}],"up":[{"embeddable":true,"href":"https:\/\/lasierrecilla.com\/fr\/wp-json\/wp\/v2\/pages\/1227"}],"wp:attachment":[{"href":"https:\/\/lasierrecilla.com\/fr\/wp-json\/wp\/v2\/media?parent=1605"}],"curies":[{"name":"wp","href":"https:\/\/api.w.org\/{rel}","templated":true}]}}